{"id":465,"date":"2022-04-13T20:02:30","date_gmt":"2022-04-13T20:02:30","guid":{"rendered":"https:\/\/bachs-spezialitaeten.ch\/?page_id=465"},"modified":"2022-06-08T12:55:28","modified_gmt":"2022-06-08T12:55:28","slug":"ueber-mich","status":"publish","type":"page","link":"https:\/\/bachs-spezialitaeten.ch\/index.php\/ueber-mich\/","title":{"rendered":"\u00dcber mich"},"content":{"rendered":"<p>[et_pb_section fb_built=&#187;1&#8243; _builder_version=&#187;4.3.4&#8243; background_image=&#187;https:\/\/bachs-spezialitaeten.ch\/wp-content\/uploads\/2020\/03\/Logo-Bachsspez-204_4pxjpg-scaled.jpg&#187;][et_pb_row column_structure=&#187;1_5,3_5,1_5&#8243; _builder_version=&#187;4.5.7&#8243;][et_pb_column type=&#187;1_5&#8243; _builder_version=&#187;4.3.4&#8243;][\/et_pb_column][et_pb_column type=&#187;3_5&#8243; _builder_version=&#187;4.3.4&#8243;][et_pb_post_title meta=&#187;off&#187; featured_image=&#187;off&#187; _builder_version=&#187;4.5.7&#8243; _module_preset=&#187;default&#187; text_orientation=&#187;center&#187;][\/et_pb_post_title][\/et_pb_column][et_pb_column type=&#187;1_5&#8243; _builder_version=&#187;4.3.4&#8243;][\/et_pb_column][\/et_pb_row][et_pb_row _builder_version=&#187;4.5.7&#8243; _module_preset=&#187;default&#187;][et_pb_column type=&#187;4_4&#8243; _builder_version=&#187;4.5.7&#8243; _module_preset=&#187;default&#187;][et_pb_text _builder_version=&#187;4.5.7&#8243; _module_preset=&#187;default&#187;]<\/p>\n<p style=\"text-align: center;\">\n<p>Handgemachtes aus dem Saanenland<\/p>\n<p>Ich wohne in Sch\u00f6nried mit meinem Mann Christian und unserer Katze Sugus. Ich habe 2 erwachsene T\u00f6chter Susan und Madeleine<\/p>\n<p>Ich war schon immer sehr kreativ und habe vieles ausprobiert. Schmuck hat mich schon immer fasziniert. Im Jahr 2008 sah ich zuf\u00e4llig auf einem Mark Glasperlen. Ich war fasziniert von dem verschieden Glasfarben. Ich kaufte mir ein Buch und ein Starterset. Ich probierte verschieden Perlen herzustellen nur mit der Anleitung eines Buches. Meine Tochter erhielt als erstes einen Adventskalender mit 24 Perlen. 2015 besuchte ich den ersten Grundkurs bei Sabrina Schwarz. Von da an nahm es mir vollends den \u00c4rmel rein. Von da an war auch ich vom Glasvirus infiziert.<\/p>\n<p>Ich besuchte dann verschieden Kurse bei Crea Arte Luzern.<\/p>\n<p>Carla di Francesco, Sabine Frank, Bea Stoertz, Meike Nagel<\/p>\n<p>Seid 2018 habe ich nun auch ein kleines Atelier. Die Perlen werden bei ca. 1200 Grad Flame auf einem Dorn hergestellt. Anschliessend kommen sie in einen Ofen wo sich sanft abk\u00fchlen das sie die Spannung verlieren und robust werden.<\/p>\n<p>Vor allem ben\u00fctze ich Glas aus Murano. Dazu habe ich noch Glass von den Glash\u00fctten in Lauscha und Reichenbach. Etwas weniges noch von CIM.<\/p>\n<p>Aus den verschiedenen Perlen werden dann einzelne Schmuckst\u00fccke hergestellt.<\/p>\n<p>Gerne verarbeite ich auch Erinnerungsperlen. Ich verarbeite etwas Asche eines geliebten Tier oder Mensch als kleine Erinnerung.<\/p>\n<p>Immer wieder entstehen verschiede Projekte aus den Perlen oder ich verarbeite sie auch bei den Blumen. Gestecke werden aufgepeppt mit Glaskreationen. Ich verarbeite vorwiegend nur nat\u00fcrliche Sachen.<\/p>\n<p>Was es immer gibt sind die Speziellen Saanebr\u00e4zeli hergestellt nach dem Rezept meiner Grossmutter. Gerade lactose- und glutenfreie Br\u00e4zeli sind immer gefragt. Auch Saanensenf wird nach dem Rezept von meiner Grossmutter hergestellt. Saanensenf ist etwas sehr Individuelles jede Familie hat sein eigenes Rezept. Durch das breite Angebot ist nun Bach\u2019s Spezialit\u00e4ten entstanden.<\/p>\n<p><strong>Gerne biete ich auch Kurse und Workshops an in meinem Atelier.<\/strong><\/p>\n<p>Kommen sie doch mal vorbei! Entweder allein, mit Freundin oder auch mal mit einer kleinen Gruppe. Gerne organisiere ich ihnen den kleinen Besuch.<\/p>\n<p>Ich freue mich sie pers\u00f6nlich kennenzulernen.<\/p>\n<p>Franziska Bach<\/p>\n<p style=\"text-align: center;\"><strong><\/strong><\/p>\n<p>&nbsp;<\/p>\n<p>[\/et_pb_text][\/et_pb_column][\/et_pb_row][et_pb_row _builder_version=&#187;4.5.7&#8243; _module_preset=&#187;default&#187;][et_pb_column type=&#187;4_4&#8243; _builder_version=&#187;4.5.7&#8243; _module_preset=&#187;default&#187;][et_pb_image src=&#187;https:\/\/bachs-spezialitaeten.ch\/wp-content\/uploads\/2022\/04\/DSC_1541-1-scaled.jpg&#187; title_text=&#187;DSC_1541&#8243; align=&#187;center&#187; _builder_version=&#187;4.5.7&#8243; _module_preset=&#187;default&#187; height=&#187;492px&#187;][\/et_pb_image][\/et_pb_column][\/et_pb_row][\/et_pb_section]<\/p>\n","protected":false},"excerpt":{"rendered":"<p>Handgemachtes aus dem Saanenland Ich wohne in Sch\u00f6nried mit meinem Mann Christian und unserer Katze Sugus. Ich habe 2 erwachsene T\u00f6chter Susan und Madeleine Ich war schon immer sehr kreativ und habe vieles ausprobiert. Schmuck hat mich schon immer fasziniert. Im Jahr 2008 sah ich zuf\u00e4llig auf einem Mark Glasperlen. Ich war fasziniert von dem [&hellip;]<\/p>\n","protected":false},"author":1,"featured_media":0,"parent":0,"menu_order":0,"comment_status":"closed","ping_status":"closed","template":"","meta":{"_et_pb_use_builder":"on","_et_pb_old_content":"<!-- wp:divi\/layout -->\n<div class=\"wp-block-divi-layout\">[et_pb_section fb_built=\"1\" _builder_version=\"4.3.4\" background_image=\"https:\/\/bachs-spezialitaeten.ch\/wp-content\/uploads\/2020\/03\/Logo-Bachsspez-204_4pxjpg-scaled.jpg\"][et_pb_row column_structure=\"1_5,3_5,1_5\" _builder_version=\"4.5.7\"][et_pb_column type=\"1_5\" _builder_version=\"4.3.4\"][\/et_pb_column][et_pb_column type=\"3_5\" _builder_version=\"4.3.4\"][et_pb_post_title meta=\"off\" featured_image=\"off\" _builder_version=\"4.5.7\" _module_preset=\"default\" text_orientation=\"center\"][\/et_pb_post_title][\/et_pb_column][et_pb_column type=\"1_5\" _builder_version=\"4.3.4\"][\/et_pb_column][\/et_pb_row][et_pb_row _builder_version=\"4.5.7\" _module_preset=\"default\" hover_enabled=\"0\"][et_pb_column type=\"4_4\" _builder_version=\"4.5.7\" _module_preset=\"default\"][et_pb_text _builder_version=\"4.5.7\" _module_preset=\"default\" hover_enabled=\"0\"]<p style=\"text-align: center;\"><\/p>\n<p>Handgemachtes aus dem Saanenland<\/p>\n<p>Ich wohne in Sch\u00f6nried mit meinem Mann Christian und unserer Katze Sugus. Ich habe 2 erwachsene T\u00f6chter Susan und Madeleine<\/p>\n<p>Ich war schon immer sehr kreativ und habe vieles ausprobiert. Schmuck hat mich schon immer fasziniert. Im Jahr 2008 sah ich zuf\u00e4llig auf einem Mark Glasperlen. Ich war fasziniert von dem verschieden Glasfarben. Ich kaufte mir ein Buch und ein Starterset. Ich probierte verschieden Perlen herzustellen nur mit der Anleitung eines Buches. Meine Tochter erhielt als erstes einen Adventskalender mit 24 Perlen. 2015 besuchte ich den ersten Grundkurs bei Sabrina Schwarz. Von da an nahm es mir vollends den \u00c4rmel rein. Von da an war auch ich vom Glasvirus infiziert.<\/p>\n<p>Ich besuchte dann verschieden Kurse bei Crea Arte Luzern.<\/p>\n<p>Carla di Francesco, Sabine Frank, Bea Stoertz, Meike Nagel<\/p>\n<p>Seid 2018 habe ich nun auch ein kleines Atelier. Die Perlen werden bei ca. 1200 Grad Flame auf einem Dorn hergestellt. Anschliessend kommen sie in einen Ofen wo sich sanft abk\u00fchlen das sie die Spannung verlieren und robust werden.<\/p>\n<p>Vor allem ben\u00fctze ich Glas aus Murano. Dazu habe ich noch Glass von den Glash\u00fctten in Lauscha und Reichenbach. Etwas weniges noch von CIM.<\/p>\n<p>Aus den verschiedenen Perlen werden dann einzelne Schmuckst\u00fccke hergestellt.<\/p>\n<p>Gerne verarbeite ich auch Erinnerungsperlen. Ich verarbeite etwas Asche eines geliebten Tier oder Mensch als kleine Erinnerung.<\/p>\n<p>Immer wieder entstehen verschiede Projekte aus den Perlen oder ich verarbeite sie auch bei den Blumen. Gestecke werden aufgepeppt mit Glaskreationen. Ich verarbeite vorwiegend nur nat\u00fcrliche Sachen.<\/p>\n<p>Was es immer gibt sind die Speziellen Saanebr\u00e4zeli hergestellt nach dem Rezept meiner Grossmutter. Gerade lactose- und glutenfreie Br\u00e4zeli sind immer gefragt. Auch Saanensenf wird nach dem Rezept von meiner Grossmutter hergestellt. Saanensenf ist etwas sehr Individuelles jede Familie hat sein eigenes Rezept. Durch das breite Angebot ist nun Bach\u2019s Spezialit\u00e4ten entstanden.<\/p>\n<p><strong>Gerne biete ich auch Kurse und Workshops an in meinem Atelier.<\/strong><\/p>\n<p>Kommen sie doch mal vorbei! Entweder allein, mit Freundin oder auch mal mit einer kleinen Gruppe. Gerne organisiere ich ihnen den kleinen Besuch.<\/p>\n<p>Ich freue mich sie pers\u00f6nlich kennenzulernen.<\/p>\n<p>Franziska Bach<\/p>\n<p style=\"text-align: center;\"><strong><\/strong><\/p>\n<p>&nbsp;<\/p>[\/et_pb_text][\/et_pb_column][\/et_pb_row][et_pb_row _builder_version=\"4.5.7\" _module_preset=\"default\"][et_pb_column _builder_version=\"4.5.7\" _module_preset=\"default\" type=\"4_4\"][et_pb_image src=\"data:image\/svg+xml;base64,PHN2ZyB3aWR0aD0iMTA4MCIgaGVpZ2h0PSI1NDAiIHZpZXdCb3g9IjAgMCAxMDgwIDU0MCIgeG1sbnM9Imh0dHA6Ly93d3cudzMub3JnLzIwMDAvc3ZnIj4KICAgIDxnIGZpbGw9Im5vbmUiIGZpbGwtcnVsZT0iZXZlbm9kZCI+CiAgICAgICAgPHBhdGggZmlsbD0iI0VCRUJFQiIgZD0iTTAgMGgxMDgwdjU0MEgweiIvPgogICAgICAgIDxwYXRoIGQ9Ik00NDUuNjQ5IDU0MGgtOTguOTk1TDE0NC42NDkgMzM3Ljk5NSAwIDQ4Mi42NDR2LTk4Ljk5NWwxMTYuMzY1LTExNi4zNjVjMTUuNjItMTUuNjIgNDAuOTQ3LTE1LjYyIDU2LjU2OCAwTDQ0NS42NSA1NDB6IiBmaWxsLW9wYWNpdHk9Ii4xIiBmaWxsPSIjMDAwIiBmaWxsLXJ1bGU9Im5vbnplcm8iLz4KICAgICAgICA8Y2lyY2xlIGZpbGwtb3BhY2l0eT0iLjA1IiBmaWxsPSIjMDAwIiBjeD0iMzMxIiBjeT0iMTQ4IiByPSI3MCIvPgogICAgICAgIDxwYXRoIGQ9Ik0xMDgwIDM3OXYxMTMuMTM3TDcyOC4xNjIgMTQwLjMgMzI4LjQ2MiA1NDBIMjE1LjMyNEw2OTkuODc4IDU1LjQ0NmMxNS42Mi0xNS42MiA0MC45NDgtMTUuNjIgNTYuNTY4IDBMMTA4MCAzNzl6IiBmaWxsLW9wYWNpdHk9Ii4yIiBmaWxsPSIjMDAwIiBmaWxsLXJ1bGU9Im5vbnplcm8iLz4KICAgIDwvZz4KPC9zdmc+Cg==\" _builder_version=\"4.5.7\" _module_preset=\"default\" hover_enabled=\"0\"][\/et_pb_image][\/et_pb_column][\/et_pb_row][\/et_pb_section]<\/div>\n<!-- \/wp:divi\/layout -->","_et_gb_content_width":"","footnotes":""},"class_list":["post-465","page","type-page","status-publish","hentry"],"yoast_head":"<!-- This site is optimized with the Yoast SEO plugin v27.4 - https:\/\/yoast.com\/product\/yoast-seo-wordpress\/ -->\n<title>\u00dcber mich - Bach&#039;s Spezialit\u00e4ten<\/title>\n<meta name=\"robots\" content=\"index, follow, max-snippet:-1, max-image-preview:large, max-video-preview:-1\" \/>\n<link rel=\"canonical\" href=\"https:\/\/bachs-spezialitaeten.ch\/index.php\/ueber-mich\/\" \/>\n<meta property=\"og:locale\" content=\"de_DE\" \/>\n<meta property=\"og:type\" content=\"article\" \/>\n<meta property=\"og:title\" content=\"\u00dcber mich - Bach&#039;s Spezialit\u00e4ten\" \/>\n<meta property=\"og:description\" content=\"Handgemachtes aus dem Saanenland Ich wohne in Sch\u00f6nried mit meinem Mann Christian und unserer Katze Sugus. Ich habe 2 erwachsene T\u00f6chter Susan und Madeleine Ich war schon immer sehr kreativ und habe vieles ausprobiert. Schmuck hat mich schon immer fasziniert. Im Jahr 2008 sah ich zuf\u00e4llig auf einem Mark Glasperlen. Ich war fasziniert von dem [&hellip;]\" \/>\n<meta property=\"og:url\" content=\"https:\/\/bachs-spezialitaeten.ch\/index.php\/ueber-mich\/\" \/>\n<meta property=\"og:site_name\" content=\"Bach&#039;s Spezialit\u00e4ten\" \/>\n<meta property=\"article:modified_time\" content=\"2022-06-08T12:55:28+00:00\" \/>\n<meta name=\"twitter:card\" content=\"summary_large_image\" \/>\n<meta name=\"twitter:label1\" content=\"Gesch\u00e4tzte Lesezeit\" \/>\n\t<meta name=\"twitter:data1\" content=\"3\u00a0Minuten\" \/>\n<script type=\"application\/ld+json\" class=\"yoast-schema-graph\">{\"@context\":\"https:\\\/\\\/schema.org\",\"@graph\":[{\"@type\":\"WebPage\",\"@id\":\"https:\\\/\\\/bachs-spezialitaeten.ch\\\/index.php\\\/ueber-mich\\\/\",\"url\":\"https:\\\/\\\/bachs-spezialitaeten.ch\\\/index.php\\\/ueber-mich\\\/\",\"name\":\"\u00dcber mich - Bach&#039;s Spezialit\u00e4ten\",\"isPartOf\":{\"@id\":\"https:\\\/\\\/bachs-spezialitaeten.ch\\\/#website\"},\"datePublished\":\"2022-04-13T20:02:30+00:00\",\"dateModified\":\"2022-06-08T12:55:28+00:00\",\"breadcrumb\":{\"@id\":\"https:\\\/\\\/bachs-spezialitaeten.ch\\\/index.php\\\/ueber-mich\\\/#breadcrumb\"},\"inLanguage\":\"de-CH\",\"potentialAction\":[{\"@type\":\"ReadAction\",\"target\":[\"https:\\\/\\\/bachs-spezialitaeten.ch\\\/index.php\\\/ueber-mich\\\/\"]}]},{\"@type\":\"BreadcrumbList\",\"@id\":\"https:\\\/\\\/bachs-spezialitaeten.ch\\\/index.php\\\/ueber-mich\\\/#breadcrumb\",\"itemListElement\":[{\"@type\":\"ListItem\",\"position\":1,\"name\":\"Home\",\"item\":\"https:\\\/\\\/bachs-spezialitaeten.ch\\\/\"},{\"@type\":\"ListItem\",\"position\":2,\"name\":\"\u00dcber mich\"}]},{\"@type\":\"WebSite\",\"@id\":\"https:\\\/\\\/bachs-spezialitaeten.ch\\\/#website\",\"url\":\"https:\\\/\\\/bachs-spezialitaeten.ch\\\/\",\"name\":\"Bach&#039;s Spezialit\u00e4ten\",\"description\":\"Traditionelles Handwerk in aktueller Ausf\u00fchrung\",\"potentialAction\":[{\"@type\":\"SearchAction\",\"target\":{\"@type\":\"EntryPoint\",\"urlTemplate\":\"https:\\\/\\\/bachs-spezialitaeten.ch\\\/?s={search_term_string}\"},\"query-input\":{\"@type\":\"PropertyValueSpecification\",\"valueRequired\":true,\"valueName\":\"search_term_string\"}}],\"inLanguage\":\"de-CH\"}]}<\/script>\n<!-- \/ Yoast SEO plugin. -->","yoast_head_json":{"title":"\u00dcber mich - Bach&#039;s Spezialit\u00e4ten","robots":{"index":"index","follow":"follow","max-snippet":"max-snippet:-1","max-image-preview":"max-image-preview:large","max-video-preview":"max-video-preview:-1"},"canonical":"https:\/\/bachs-spezialitaeten.ch\/index.php\/ueber-mich\/","og_locale":"de_DE","og_type":"article","og_title":"\u00dcber mich - Bach&#039;s Spezialit\u00e4ten","og_description":"Handgemachtes aus dem Saanenland Ich wohne in Sch\u00f6nried mit meinem Mann Christian und unserer Katze Sugus. Ich habe 2 erwachsene T\u00f6chter Susan und Madeleine Ich war schon immer sehr kreativ und habe vieles ausprobiert. Schmuck hat mich schon immer fasziniert. Im Jahr 2008 sah ich zuf\u00e4llig auf einem Mark Glasperlen. Ich war fasziniert von dem [&hellip;]","og_url":"https:\/\/bachs-spezialitaeten.ch\/index.php\/ueber-mich\/","og_site_name":"Bach&#039;s Spezialit\u00e4ten","article_modified_time":"2022-06-08T12:55:28+00:00","twitter_card":"summary_large_image","twitter_misc":{"Gesch\u00e4tzte Lesezeit":"3\u00a0Minuten"},"schema":{"@context":"https:\/\/schema.org","@graph":[{"@type":"WebPage","@id":"https:\/\/bachs-spezialitaeten.ch\/index.php\/ueber-mich\/","url":"https:\/\/bachs-spezialitaeten.ch\/index.php\/ueber-mich\/","name":"\u00dcber mich - Bach&#039;s Spezialit\u00e4ten","isPartOf":{"@id":"https:\/\/bachs-spezialitaeten.ch\/#website"},"datePublished":"2022-04-13T20:02:30+00:00","dateModified":"2022-06-08T12:55:28+00:00","breadcrumb":{"@id":"https:\/\/bachs-spezialitaeten.ch\/index.php\/ueber-mich\/#breadcrumb"},"inLanguage":"de-CH","potentialAction":[{"@type":"ReadAction","target":["https:\/\/bachs-spezialitaeten.ch\/index.php\/ueber-mich\/"]}]},{"@type":"BreadcrumbList","@id":"https:\/\/bachs-spezialitaeten.ch\/index.php\/ueber-mich\/#breadcrumb","itemListElement":[{"@type":"ListItem","position":1,"name":"Home","item":"https:\/\/bachs-spezialitaeten.ch\/"},{"@type":"ListItem","position":2,"name":"\u00dcber mich"}]},{"@type":"WebSite","@id":"https:\/\/bachs-spezialitaeten.ch\/#website","url":"https:\/\/bachs-spezialitaeten.ch\/","name":"Bach&#039;s Spezialit\u00e4ten","description":"Traditionelles Handwerk in aktueller Ausf\u00fchrung","potentialAction":[{"@type":"SearchAction","target":{"@type":"EntryPoint","urlTemplate":"https:\/\/bachs-spezialitaeten.ch\/?s={search_term_string}"},"query-input":{"@type":"PropertyValueSpecification","valueRequired":true,"valueName":"search_term_string"}}],"inLanguage":"de-CH"}]}},"_links":{"self":[{"href":"https:\/\/bachs-spezialitaeten.ch\/index.php\/wp-json\/wp\/v2\/pages\/465","targetHints":{"allow":["GET"]}}],"collection":[{"href":"https:\/\/bachs-spezialitaeten.ch\/index.php\/wp-json\/wp\/v2\/pages"}],"about":[{"href":"https:\/\/bachs-spezialitaeten.ch\/index.php\/wp-json\/wp\/v2\/types\/page"}],"author":[{"embeddable":true,"href":"https:\/\/bachs-spezialitaeten.ch\/index.php\/wp-json\/wp\/v2\/users\/1"}],"replies":[{"embeddable":true,"href":"https:\/\/bachs-spezialitaeten.ch\/index.php\/wp-json\/wp\/v2\/comments?post=465"}],"version-history":[{"count":5,"href":"https:\/\/bachs-spezialitaeten.ch\/index.php\/wp-json\/wp\/v2\/pages\/465\/revisions"}],"predecessor-version":[{"id":570,"href":"https:\/\/bachs-spezialitaeten.ch\/index.php\/wp-json\/wp\/v2\/pages\/465\/revisions\/570"}],"wp:attachment":[{"href":"https:\/\/bachs-spezialitaeten.ch\/index.php\/wp-json\/wp\/v2\/media?parent=465"}],"curies":[{"name":"wp","href":"https:\/\/api.w.org\/{rel}","templated":true}]}}