{"id":108,"date":"2020-03-07T20:29:35","date_gmt":"2020-03-07T20:29:35","guid":{"rendered":"https:\/\/bachs-spezialitaeten.ch\/?page_id=108"},"modified":"2025-06-01T16:24:06","modified_gmt":"2025-06-01T16:24:06","slug":"glasperlenschmuck","status":"publish","type":"page","link":"https:\/\/bachs-spezialitaeten.ch\/index.php\/glasperlenschmuck\/","title":{"rendered":"Glasperlenschmuck"},"content":{"rendered":"<p>[et_pb_section fb_built=&#187;1&#8243; _builder_version=&#187;4.27.4&#8243; background_color=&#187;RGBA(255,255,255,0)&#187; global_colors_info=&#187;{}&#187;][et_pb_row make_equal=&#187;on&#187; _builder_version=&#187;4.27.4&#8243; custom_padding=&#187;0px|||||&#187; global_colors_info=&#187;{}&#187;][et_pb_column type=&#187;4_4&#8243; _builder_version=&#187;4.16&#8243; custom_padding=&#187;60px||||false|false&#187; custom_padding_tablet=&#187;0px||||false|false&#187; custom_padding_phone=&#187;&#187; custom_padding_last_edited=&#187;on|tablet&#187; global_colors_info=&#187;{}&#187;][et_pb_text _builder_version=&#187;4.27.4&#8243; text_font=&#187;Cabin||||||||&#187; text_text_color=&#187;rgba(85,101,112,0.8)&#187; text_font_size=&#187;16px&#187; text_line_height=&#187;1.8em&#187; header_2_font=&#187;Arizonia|700|||||||&#187; header_2_text_color=&#187;#7F0055&#8243; header_2_font_size=&#187;56px&#187; header_2_line_height=&#187;1.1em&#187; header_3_font=&#187;Cabin|700||on|||||&#187; header_3_text_color=&#187;#bd8f52&#8243; header_3_font_size=&#187;13px&#187; header_3_letter_spacing=&#187;3px&#187; header_3_line_height=&#187;1.4em&#187; max_width=&#187;36vw&#187; max_width_tablet=&#187;90%&#187; max_width_phone=&#187;100%&#187; max_width_last_edited=&#187;on|tablet&#187; custom_margin=&#187;||2vw||false|false&#187; text_font_size_tablet=&#187;15px&#187; text_font_size_phone=&#187;14px&#187; text_font_size_last_edited=&#187;on|phone&#187; header_2_font_size_tablet=&#187;44px&#187; header_2_font_size_phone=&#187;32px&#187; header_2_font_size_last_edited=&#187;on|tablet&#187; locked=&#187;off&#187; global_colors_info=&#187;{}&#187;]<\/p>\n<h2>Glasperlenschmuck<\/h2>\n<p>Alle Halsketten, Armb\u00e4nder und Ohrstecker sind von mir handgemacht und Unikate. Gerne mache ich euch ein Schmuckst\u00fcck nach euren W\u00fcnschen. Bitte nehmt Kontakt auf per <a href=\"mailto:f.bach@bluewin.ch\">Mail<\/a>, Whats App oder <a href=\"https:\/\/www.facebook.com\/profile.php?id=100062693029836\">FB<\/a>, <a href=\"https:\/\/www.instagram.com\/bachs_spezialitaeten\/\">Instagram<\/a><\/p>\n<p>[\/et_pb_text][\/et_pb_column][\/et_pb_row][et_pb_row _builder_version=&#187;4.16&#8243; global_colors_info=&#187;{}&#187;][et_pb_column type=&#187;4_4&#8243; _builder_version=&#187;4.16&#8243; global_colors_info=&#187;{}&#187;][et_pb_gallery gallery_ids=&#187;241,240,239,238,237,236,235,234,233,232,231,230,229,228,227,226,225,224,223,222,221,220,218,217,216,215,214,213,212,211,210,209,208,207,206,205,204,203,202,201,200,199,198,197,196,195,194,193,192,191,190,189,188,187,186,185,184,183,182,181,180,179,178,177,176,175,174,173,172,171,170,169,168,167,166,165,164,163,162,161,160,159,158,157,156,155,154,153,152,151,150,149,148,147,146,145,144,143,142,141,140,139,138,137,136,135,134,133,132,131,130,129,128,127,126,125,124,123,122,121,120,119,118,82&#8243; posts_number=&#187;200&#8243; show_title_and_caption=&#187;off&#187; module_class=&#187;galerie&#187; _builder_version=&#187;4.27.4&#8243; background_color=&#187;rgba(0,0,0,0)&#187; hover_enabled=&#187;0&#8243; custom_css_free_form=&#187;.galerie img {||  height: 300px;||  object-fit: cover;||  width: 100%;||}&#187; global_colors_info=&#187;{}&#187; sticky_enabled=&#187;0&#8243;][\/et_pb_gallery][\/et_pb_column][\/et_pb_row][et_pb_row column_structure=&#187;1_2,1_2&#8243; custom_padding_last_edited=&#187;on|phone&#187; _builder_version=&#187;4.27.4&#8243; background_enable_image=&#187;off&#187; custom_padding=&#187;100px||||false|false&#187; custom_padding_tablet=&#187;100px||||false|false&#187; custom_padding_phone=&#187;60px||||false|false&#187; global_colors_info=&#187;{}&#187;][et_pb_column type=&#187;1_2&#8243; _builder_version=&#187;4.27.4&#8243; custom_padding=&#187;||||false|false&#187; custom_padding_tablet=&#187;0px||||false|false&#187; custom_padding_phone=&#187;&#187; custom_padding_last_edited=&#187;on|tablet&#187; global_colors_info=&#187;{}&#187;][et_pb_text _builder_version=&#187;4.27.4&#8243; text_font=&#187;Cabin||||||||&#187; text_text_color=&#187;rgba(85,101,112,0.8)&#187; text_font_size=&#187;16px&#187; text_line_height=&#187;1.8em&#187; header_2_font=&#187;Arizonia|700|||||||&#187; header_2_text_color=&#187;#820054&#8243; header_2_font_size=&#187;56px&#187; header_2_line_height=&#187;1.1em&#187; header_3_font=&#187;Cabin|700||on|||||&#187; header_3_text_color=&#187;#bd8f52&#8243; header_3_font_size=&#187;13px&#187; header_3_letter_spacing=&#187;3px&#187; header_3_line_height=&#187;1.4em&#187; max_width=&#187;36vw&#187; max_width_tablet=&#187;90%&#187; max_width_phone=&#187;100%&#187; max_width_last_edited=&#187;on|tablet&#187; custom_margin=&#187;||2vw||false|false&#187; text_font_size_tablet=&#187;15px&#187; text_font_size_phone=&#187;14px&#187; text_font_size_last_edited=&#187;on|phone&#187; header_2_font_size_tablet=&#187;44px&#187; header_2_font_size_phone=&#187;32px&#187; header_2_font_size_last_edited=&#187;on|tablet&#187; locked=&#187;off&#187; global_colors_info=&#187;{}&#187;]<\/p>\n<h2>Erinnerungsperlen<\/h2>\n<p><strong><em>\u00abWenn wir sterben, gehen wir zur\u00fcck zum Ursprung, werden zu Asche, zu Erde und zu Staub.\u00bb<\/em><\/strong><\/p>\n<p>Eine Prise Asche von Ihrem\/Ihrer lieben Verstorbenen oder von Ihrem Tier wird in dieses Glas eingearbeitet.<\/p>\n<p>Was bleibt ist nur die Erinnerung. Es ist f\u00fcr mich ein besonderes Privileg die Asche eines Tieres oder eines geliebten Menschen in Glas brennen zu d\u00fcrfen. Wenn die Asche mit dem Glas verbunden wird, gl\u00fcht sie noch einmal auf. Es ist, wenn die Seele der Verstorbenen in das Glas \u00fcber geht. Wenn man die Perle tr\u00e4gt, versp\u00fcrt man eine enge Verbundenheit mit dem Verstorbenen und dazu wird das Glas auf der Haut warm.<\/p>\n<p>Abwicklung ist ganz einfach. Senden Sie mir die Asche (circa 5 Gramm) in einem Briefumschlag. Ich forme eine Erinnerungsperle aus Glas. Es wird alles diskret abgewickelt.<\/p>\n<p>[\/et_pb_text][\/et_pb_column][et_pb_column type=&#187;1_2&#8243; module_class=&#187;bild&#187; _builder_version=&#187;4.27.4&#8243; custom_padding=&#187;||||false|false&#187; custom_padding_tablet=&#187;0px||||false|false&#187; custom_padding_phone=&#187;&#187; custom_padding_last_edited=&#187;on|tablet&#187; custom_css_free_form=&#187;.bild img {||  height: 300px;||  object-fit: cover;||  width: 100%;||}&#187; global_colors_info=&#187;{}&#187;][et_pb_image src=&#187;https:\/\/bachs-spezialitaeten.ch\/wp-content\/uploads\/2022\/05\/20200722_171554-002.jpg&#187; title_text=&#187;20200722_171554 (002)&#187; _builder_version=&#187;4.27.4&#8243; _module_preset=&#187;default&#187; global_colors_info=&#187;{}&#187;][\/et_pb_image][\/et_pb_column][\/et_pb_row][et_pb_row _builder_version=&#187;4.16&#8243; locked=&#187;off&#187; global_colors_info=&#187;{}&#187;][et_pb_column type=&#187;4_4&#8243; _builder_version=&#187;4.16&#8243; global_colors_info=&#187;{}&#187;][et_pb_text _builder_version=&#187;4.27.4&#8243; text_font=&#187;Cabin||||||||&#187; text_text_color=&#187;rgba(85,101,112,0.8)&#187; text_font_size=&#187;16px&#187; text_line_height=&#187;1.8em&#187; header_2_font=&#187;Arizonia|700|||||||&#187; header_2_text_color=&#187;#7C0053&#8243; header_2_font_size=&#187;56px&#187; header_2_line_height=&#187;1.1em&#187; header_3_font=&#187;Cabin|700||on|||||&#187; header_3_text_color=&#187;#bd8f52&#8243; header_3_font_size=&#187;13px&#187; header_3_letter_spacing=&#187;3px&#187; header_3_line_height=&#187;1.4em&#187; text_orientation=&#187;center&#187; max_width_tablet=&#187;90%&#187; max_width_phone=&#187;100%&#187; max_width_last_edited=&#187;off|desktop&#187; custom_margin=&#187;||||false|false&#187; text_font_size_tablet=&#187;15px&#187; text_font_size_phone=&#187;14px&#187; text_font_size_last_edited=&#187;on|phone&#187; header_2_font_size_tablet=&#187;44px&#187; header_2_font_size_phone=&#187;32px&#187; header_2_font_size_last_edited=&#187;on|tablet&#187; locked=&#187;off&#187; global_colors_info=&#187;{}&#187; header_2_2_font_size_phone=&#187;32px&#187; header_3_2_font_size_phone=&#187;32px&#187; header_4_2_font_size_phone=&#187;32px&#187; header_5_2_font_size_phone=&#187;32px&#187; header_6_2_font_size_phone=&#187;32px&#187; header_2_2_font_size_tablet=&#187;44px&#187; header_3_2_font_size_tablet=&#187;44px&#187; header_4_2_font_size_tablet=&#187;44px&#187; header_5_2_font_size_tablet=&#187;44px&#187; header_6_2_font_size_tablet=&#187;44px&#187; header_2_2_font_size_last_edited=&#187;on|tablet&#187; header_3_2_font_size_last_edited=&#187;on|tablet&#187; header_4_2_font_size_last_edited=&#187;on|tablet&#187; header_5_2_font_size_last_edited=&#187;on|tablet&#187; header_6_2_font_size_last_edited=&#187;on|tablet&#187;]<\/p>\n<p><strong>Kontakt<\/strong><\/p>\n<h2>Bestellungen &amp; Anfragen<\/h2>\n<p>[\/et_pb_text][et_pb_button button_url=&#187;mailto:f.bach@bluewin.ch&#187; button_text=&#187;f.bach@bluewin.ch&#187; button_alignment=&#187;center&#187; _builder_version=&#187;4.27.4&#8243; custom_button=&#187;on&#187; button_text_size=&#187;13px&#187; button_bg_color=&#187;#7A0053&#8243; button_border_width=&#187;0px&#187; button_border_color=&#187;#bd8f52&#8243; button_border_radius=&#187;0px&#187; button_letter_spacing=&#187;2px&#187; button_font=&#187;Cabin|600|||||||&#187; button_use_icon=&#187;off&#187; background_layout=&#187;dark&#187; custom_padding=&#187;16px|24px|16px|24px|true|true&#187; custom_padding_tablet=&#187;56px||56px||true|true&#187; custom_padding_phone=&#187;24px||24px||true|true&#187; custom_padding_last_edited=&#187;off|tablet&#187; box_shadow_style=&#187;preset7&#8243; box_shadow_horizontal=&#187;0px&#187; box_shadow_vertical=&#187;0px&#187; box_shadow_spread=&#187;2px&#187; box_shadow_color=&#187;#ffffff&#187; locked=&#187;off&#187; global_colors_info=&#187;{}&#187; box_shadow_spread__hover_enabled=&#187;on|hover&#187; box_shadow_spread__hover=&#187;6px&#187; button_border_color__hover_enabled=&#187;on|desktop&#187; button_border_color__hover=&#187;#d1d1d1&#8243;][\/et_pb_button][et_pb_button button_url=&#187;https:\/\/www.facebook.com\/profile.php?id=100062693029836&#8243; button_text=&#187;facebook&#187; button_alignment=&#187;center&#187; _builder_version=&#187;4.27.4&#8243; custom_button=&#187;on&#187; button_text_size=&#187;13px&#187; button_bg_color=&#187;#7A0053&#8243; button_border_width=&#187;0px&#187; button_border_color=&#187;#bd8f52&#8243; button_border_radius=&#187;0px&#187; button_letter_spacing=&#187;2px&#187; button_font=&#187;Cabin|600|||||||&#187; button_icon=&#187;&#xe0aa;||divi||400&#8243; button_icon_placement=&#187;left&#187; button_on_hover=&#187;off&#187; background_layout=&#187;dark&#187; custom_padding=&#187;16px|15px|16px|34px|true|false&#187; custom_padding_tablet=&#187;56px||56px||true|true&#187; custom_padding_phone=&#187;24px||24px||true|true&#187; custom_padding_last_edited=&#187;off|tablet&#187; box_shadow_style=&#187;preset7&#8243; box_shadow_horizontal=&#187;0px&#187; box_shadow_vertical=&#187;0px&#187; box_shadow_spread=&#187;2px&#187; box_shadow_color=&#187;#ffffff&#187; locked=&#187;off&#187; global_colors_info=&#187;{}&#187; box_shadow_spread__hover_enabled=&#187;on|hover&#187; box_shadow_spread__hover=&#187;6px&#187; button_border_color__hover_enabled=&#187;on|desktop&#187; button_border_color__hover=&#187;#d1d1d1&#8243;][\/et_pb_button][et_pb_button button_url=&#187;https:\/\/www.instagram.com\/bachs_spezialitaeten\/&#187; button_text=&#187;Instagram&#187; button_alignment=&#187;center&#187; _builder_version=&#187;4.27.4&#8243; custom_button=&#187;on&#187; button_text_size=&#187;13px&#187; button_bg_color=&#187;#7A0053&#8243; button_border_width=&#187;0px&#187; button_border_color=&#187;#bd8f52&#8243; button_border_radius=&#187;0px&#187; button_letter_spacing=&#187;2px&#187; button_font=&#187;Cabin|600|||||||&#187; button_icon=&#187;&#xe09a;||divi||400&#8243; button_icon_placement=&#187;left&#187; button_on_hover=&#187;off&#187; background_layout=&#187;dark&#187; custom_padding=&#187;16px|15px|16px|34px|true|false&#187; custom_padding_tablet=&#187;56px||56px||true|true&#187; custom_padding_phone=&#187;24px||24px||true|true&#187; custom_padding_last_edited=&#187;off|tablet&#187; box_shadow_style=&#187;preset7&#8243; box_shadow_horizontal=&#187;0px&#187; box_shadow_vertical=&#187;0px&#187; box_shadow_spread=&#187;2px&#187; box_shadow_color=&#187;#ffffff&#187; locked=&#187;off&#187; global_colors_info=&#187;{}&#187; box_shadow_spread__hover_enabled=&#187;on|hover&#187; box_shadow_spread__hover=&#187;6px&#187; button_border_color__hover_enabled=&#187;on|desktop&#187; button_border_color__hover=&#187;#d1d1d1&#8243;][\/et_pb_button][\/et_pb_column][\/et_pb_row][\/et_pb_section]<\/p>\n","protected":false},"excerpt":{"rendered":"<p>Glasperlenschmuck Alle Halsketten, Armb\u00e4nder und Ohrstecker sind von mir handgemacht und Unikate. Gerne mache ich euch ein Schmuckst\u00fcck nach euren W\u00fcnschen. Bitte nehmt Kontakt auf per Mail, Whats App oder FB, InstagramErinnerungsperlen \u00abWenn wir sterben, gehen wir zur\u00fcck zum Ursprung, werden zu Asche, zu Erde und zu Staub.\u00bb Eine Prise Asche von Ihrem\/Ihrer lieben Verstorbenen [&hellip;]<\/p>\n","protected":false},"author":1,"featured_media":0,"parent":0,"menu_order":0,"comment_status":"closed","ping_status":"closed","template":"","meta":{"_et_pb_use_builder":"on","_et_pb_old_content":"","_et_gb_content_width":"","footnotes":""},"class_list":["post-108","page","type-page","status-publish","hentry"],"yoast_head":"<!-- This site is optimized with the Yoast SEO plugin v27.5 - https:\/\/yoast.com\/product\/yoast-seo-wordpress\/ -->\n<title>Glasperlenschmuck - Bach&#039;s Spezialit\u00e4ten<\/title>\n<meta name=\"description\" content=\"Glas Glasperlen Glasfiguren Glasprodukte Glasblasen Glasmurmeln Murmeln Anh\u00e4nger\" \/>\n<meta name=\"robots\" content=\"index, follow, max-snippet:-1, max-image-preview:large, max-video-preview:-1\" \/>\n<link rel=\"canonical\" href=\"https:\/\/bachs-spezialitaeten.ch\/index.php\/glasperlenschmuck\/\" \/>\n<meta property=\"og:locale\" content=\"de_DE\" \/>\n<meta property=\"og:type\" content=\"article\" \/>\n<meta property=\"og:title\" content=\"Glasperlenschmuck - Bach&#039;s Spezialit\u00e4ten\" \/>\n<meta property=\"og:description\" content=\"Glas Glasperlen Glasfiguren Glasprodukte Glasblasen Glasmurmeln Murmeln Anh\u00e4nger\" \/>\n<meta property=\"og:url\" content=\"https:\/\/bachs-spezialitaeten.ch\/index.php\/glasperlenschmuck\/\" \/>\n<meta property=\"og:site_name\" content=\"Bach&#039;s Spezialit\u00e4ten\" \/>\n<meta property=\"article:modified_time\" content=\"2025-06-01T16:24:06+00:00\" \/>\n<meta name=\"twitter:card\" content=\"summary_large_image\" \/>\n<meta name=\"twitter:label1\" content=\"Gesch\u00e4tzte Lesezeit\" \/>\n\t<meta name=\"twitter:data1\" content=\"7\u00a0Minuten\" \/>\n<script type=\"application\/ld+json\" class=\"yoast-schema-graph\">{\"@context\":\"https:\\\/\\\/schema.org\",\"@graph\":[{\"@type\":\"WebPage\",\"@id\":\"https:\\\/\\\/bachs-spezialitaeten.ch\\\/index.php\\\/glasperlenschmuck\\\/\",\"url\":\"https:\\\/\\\/bachs-spezialitaeten.ch\\\/index.php\\\/glasperlenschmuck\\\/\",\"name\":\"Glasperlenschmuck - Bach&#039;s Spezialit\u00e4ten\",\"isPartOf\":{\"@id\":\"https:\\\/\\\/bachs-spezialitaeten.ch\\\/#website\"},\"datePublished\":\"2020-03-07T20:29:35+00:00\",\"dateModified\":\"2025-06-01T16:24:06+00:00\",\"description\":\"Glas Glasperlen Glasfiguren Glasprodukte Glasblasen Glasmurmeln Murmeln Anh\u00e4nger\",\"breadcrumb\":{\"@id\":\"https:\\\/\\\/bachs-spezialitaeten.ch\\\/index.php\\\/glasperlenschmuck\\\/#breadcrumb\"},\"inLanguage\":\"de-CH\",\"potentialAction\":[{\"@type\":\"ReadAction\",\"target\":[\"https:\\\/\\\/bachs-spezialitaeten.ch\\\/index.php\\\/glasperlenschmuck\\\/\"]}]},{\"@type\":\"BreadcrumbList\",\"@id\":\"https:\\\/\\\/bachs-spezialitaeten.ch\\\/index.php\\\/glasperlenschmuck\\\/#breadcrumb\",\"itemListElement\":[{\"@type\":\"ListItem\",\"position\":1,\"name\":\"Home\",\"item\":\"https:\\\/\\\/bachs-spezialitaeten.ch\\\/\"},{\"@type\":\"ListItem\",\"position\":2,\"name\":\"Glasperlenschmuck\"}]},{\"@type\":\"WebSite\",\"@id\":\"https:\\\/\\\/bachs-spezialitaeten.ch\\\/#website\",\"url\":\"https:\\\/\\\/bachs-spezialitaeten.ch\\\/\",\"name\":\"Bach&#039;s Spezialit\u00e4ten\",\"description\":\"Traditionelles Handwerk in aktueller Ausf\u00fchrung\",\"potentialAction\":[{\"@type\":\"SearchAction\",\"target\":{\"@type\":\"EntryPoint\",\"urlTemplate\":\"https:\\\/\\\/bachs-spezialitaeten.ch\\\/?s={search_term_string}\"},\"query-input\":{\"@type\":\"PropertyValueSpecification\",\"valueRequired\":true,\"valueName\":\"search_term_string\"}}],\"inLanguage\":\"de-CH\"}]}<\/script>\n<!-- \/ Yoast SEO plugin. -->","yoast_head_json":{"title":"Glasperlenschmuck - Bach&#039;s Spezialit\u00e4ten","description":"Glas Glasperlen Glasfiguren Glasprodukte Glasblasen Glasmurmeln Murmeln Anh\u00e4nger","robots":{"index":"index","follow":"follow","max-snippet":"max-snippet:-1","max-image-preview":"max-image-preview:large","max-video-preview":"max-video-preview:-1"},"canonical":"https:\/\/bachs-spezialitaeten.ch\/index.php\/glasperlenschmuck\/","og_locale":"de_DE","og_type":"article","og_title":"Glasperlenschmuck - Bach&#039;s Spezialit\u00e4ten","og_description":"Glas Glasperlen Glasfiguren Glasprodukte Glasblasen Glasmurmeln Murmeln Anh\u00e4nger","og_url":"https:\/\/bachs-spezialitaeten.ch\/index.php\/glasperlenschmuck\/","og_site_name":"Bach&#039;s Spezialit\u00e4ten","article_modified_time":"2025-06-01T16:24:06+00:00","twitter_card":"summary_large_image","twitter_misc":{"Gesch\u00e4tzte Lesezeit":"7\u00a0Minuten"},"schema":{"@context":"https:\/\/schema.org","@graph":[{"@type":"WebPage","@id":"https:\/\/bachs-spezialitaeten.ch\/index.php\/glasperlenschmuck\/","url":"https:\/\/bachs-spezialitaeten.ch\/index.php\/glasperlenschmuck\/","name":"Glasperlenschmuck - Bach&#039;s Spezialit\u00e4ten","isPartOf":{"@id":"https:\/\/bachs-spezialitaeten.ch\/#website"},"datePublished":"2020-03-07T20:29:35+00:00","dateModified":"2025-06-01T16:24:06+00:00","description":"Glas Glasperlen Glasfiguren Glasprodukte Glasblasen Glasmurmeln Murmeln Anh\u00e4nger","breadcrumb":{"@id":"https:\/\/bachs-spezialitaeten.ch\/index.php\/glasperlenschmuck\/#breadcrumb"},"inLanguage":"de-CH","potentialAction":[{"@type":"ReadAction","target":["https:\/\/bachs-spezialitaeten.ch\/index.php\/glasperlenschmuck\/"]}]},{"@type":"BreadcrumbList","@id":"https:\/\/bachs-spezialitaeten.ch\/index.php\/glasperlenschmuck\/#breadcrumb","itemListElement":[{"@type":"ListItem","position":1,"name":"Home","item":"https:\/\/bachs-spezialitaeten.ch\/"},{"@type":"ListItem","position":2,"name":"Glasperlenschmuck"}]},{"@type":"WebSite","@id":"https:\/\/bachs-spezialitaeten.ch\/#website","url":"https:\/\/bachs-spezialitaeten.ch\/","name":"Bach&#039;s Spezialit\u00e4ten","description":"Traditionelles Handwerk in aktueller Ausf\u00fchrung","potentialAction":[{"@type":"SearchAction","target":{"@type":"EntryPoint","urlTemplate":"https:\/\/bachs-spezialitaeten.ch\/?s={search_term_string}"},"query-input":{"@type":"PropertyValueSpecification","valueRequired":true,"valueName":"search_term_string"}}],"inLanguage":"de-CH"}]}},"_links":{"self":[{"href":"https:\/\/bachs-spezialitaeten.ch\/index.php\/wp-json\/wp\/v2\/pages\/108","targetHints":{"allow":["GET"]}}],"collection":[{"href":"https:\/\/bachs-spezialitaeten.ch\/index.php\/wp-json\/wp\/v2\/pages"}],"about":[{"href":"https:\/\/bachs-spezialitaeten.ch\/index.php\/wp-json\/wp\/v2\/types\/page"}],"author":[{"embeddable":true,"href":"https:\/\/bachs-spezialitaeten.ch\/index.php\/wp-json\/wp\/v2\/users\/1"}],"replies":[{"embeddable":true,"href":"https:\/\/bachs-spezialitaeten.ch\/index.php\/wp-json\/wp\/v2\/comments?post=108"}],"version-history":[{"count":12,"href":"https:\/\/bachs-spezialitaeten.ch\/index.php\/wp-json\/wp\/v2\/pages\/108\/revisions"}],"predecessor-version":[{"id":788,"href":"https:\/\/bachs-spezialitaeten.ch\/index.php\/wp-json\/wp\/v2\/pages\/108\/revisions\/788"}],"wp:attachment":[{"href":"https:\/\/bachs-spezialitaeten.ch\/index.php\/wp-json\/wp\/v2\/media?parent=108"}],"curies":[{"name":"wp","href":"https:\/\/api.w.org\/{rel}","templated":true}]}}